{"id":2,"date":"2010-03-29T19:09:30","date_gmt":"2010-03-29T19:09:30","guid":{"rendered":"http:\/\/www.esjuba.com.ar\/blog\/?page_id=2"},"modified":"2012-06-22T22:41:18","modified_gmt":"2012-06-22T22:41:18","slug":"acerca-de","status":"publish","type":"page","link":"https:\/\/www.esjuba.com.ar\/blog\/?page_id=2","title":{"rendered":"Sobre ESJUBA"},"content":{"rendered":"<p>Estudio fundado en Concordia en el transcurso del a\u00f1o 1976, luego que el Dr. Enrique Oscar Bacigaluppe fuera expulsado de la Justicia por la Dictadura Militar en donde se desempe\u00f1\u00f3 en diferentes cargos.<\/p>\n<p>Dedicado al asesoramiento integral de empresas, familias, e instituciones, con actuaci\u00f3n en todo el \u00e1mbito de la Provincia de Entre R\u00edos en los fueros Ordinarios y Federal.<\/p>\n<p>Cuenta con representantes permanentes en Buenos Aires y Paran\u00e1.<\/p>\n","protected":false},"excerpt":{"rendered":"<p>Estudio fundado en Concordia en el transcurso del a\u00f1o 1976, luego que el Dr. Enrique Oscar Bacigaluppe fuera expulsado de la Justicia por la Dictadura Militar en donde se desempe\u00f1\u00f3 en diferentes cargos. Dedicado al asesoramiento integral de empresas, familias, e instituciones, con actuaci\u00f3n en todo el \u00e1mbito de la Provincia de Entre R\u00edos en [&hellip;]<\/p>\n","protected":false},"author":1,"featured_media":0,"parent":0,"menu_order":0,"comment_status":"open","ping_status":"open","template":"","meta":[],"_links":{"self":[{"href":"https:\/\/www.esjuba.com.ar\/blog\/index.php?rest_route=\/wp\/v2\/pages\/2"}],"collection":[{"href":"https:\/\/www.esjuba.com.ar\/blog\/index.php?rest_route=\/wp\/v2\/pages"}],"about":[{"href":"https:\/\/www.esjuba.com.ar\/blog\/index.php?rest_route=\/wp\/v2\/types\/page"}],"author":[{"embeddable":true,"href":"https:\/\/www.esjuba.com.ar\/blog\/index.php?rest_route=\/wp\/v2\/users\/1"}],"replies":[{"embeddable":true,"href":"https:\/\/www.esjuba.com.ar\/blog\/index.php?rest_route=%2Fwp%2Fv2%2Fcomments&post=2"}],"version-history":[{"count":2,"href":"https:\/\/www.esjuba.com.ar\/blog\/index.php?rest_route=\/wp\/v2\/pages\/2\/revisions"}],"predecessor-version":[{"id":179,"href":"https:\/\/www.esjuba.com.ar\/blog\/index.php?rest_route=\/wp\/v2\/pages\/2\/revisions\/179"}],"wp:attachment":[{"href":"https:\/\/www.esjuba.com.ar\/blog\/index.php?rest_route=%2Fwp%2Fv2%2Fmedia&parent=2"}],"curies":[{"name":"wp","href":"https:\/\/api.w.org\/{rel}","templated":true}]}}